{"id":2017,"date":"2019-04-25T21:47:09","date_gmt":"2019-04-25T21:47:09","guid":{"rendered":"http:\/\/digital.foic-lecanda.com\/?page_id=2017"},"modified":"2019-04-29T14:31:57","modified_gmt":"2019-04-29T14:31:57","slug":"social-media","status":"publish","type":"page","link":"https:\/\/digital.foic-lecanda.com\/en\/social-media\/","title":{"rendered":"Social Media"},"content":{"rendered":"<div class=\"grve-section grve-row-section grve-fullwidth-background grve-padding-top-4x grve-bg-none animas\"><div class=\"grve-container\"><div class=\"grve-row grve-bookmark grve-columns-gap-30\"><div class=\"grve-column wpb_column grve-column-1-2\"  style=\"z-index:5\" ><div class=\"grve-column-wrapper\" ><div class=\"grve-element grve-text title grve-animated-item grve-fade-in-left-big grve-duration-normal\" data-delay=\"200\" id=\"submenut\">\r\n\t\t\t<h1 style=\"text-align: right;\"><strong>SOCIAL MEDIA<\/strong><\/h1>\n<hr \/>\n<p style=\"text-align: right;\">GESTI\u00d3N \u00b7 CONTENIDO<\/p>\n<h3 style=\"text-align: right;\"><span style=\"color: #b0e8f7;\">SPREAD YOUR BRAND!<\/span><\/h3>\n\r\n\t\t<\/div>\r\n\t<\/div><\/div><div class=\"grve-column wpb_column grve-column-1-2 icon-gif\" ><div class=\"grve-column-wrapper grve-flex grve-flex-position-middle\" ><div class=\"grve-column-content\"><div class=\"grve-element grve-image grve-animated-item grve-duration-normal grve-fade-in-right-big grve-align-center grve-full-image grve-image-space-125\" style=\"\" data-delay=\"200\">  <div class=\"grve-image-wrapper\"><img loading=\"lazy\" decoding=\"async\" width=\"800\" height=\"533\" src=\"https:\/\/digital.foic-lecanda.com\/wp-content\/uploads\/2019\/04\/Socialok.gif\" class=\"attachment-full size-full\" alt=\"\" \/>   <\/div><\/div><\/div><\/div><\/div><div class=\"grve-column wpb_column grve-column-1 grve-mobile-column-hide\" ><div class=\"grve-column-wrapper\" ><div class=\"grve-empty-space grve-height-3x\" style=\"\"><\/div><\/div><\/div><div class=\"grve-column wpb_column grve-column-1 curves grve-align-center\" ><div class=\"grve-column-wrapper vc_custom_1555514903400\" ><div class=\"grve-element grve-image grve-align-center grve-full-image grve-image-space-175\" style=\"\">  <div class=\"grve-image-wrapper\"><img loading=\"lazy\" decoding=\"async\" width=\"1279\" height=\"300\" src=\"https:\/\/digital.foic-lecanda.com\/wp-content\/uploads\/2019\/04\/Soc-2.png\" class=\"attachment-full size-full\" alt=\"\" srcset=\"https:\/\/digital.foic-lecanda.com\/wp-content\/uploads\/2019\/04\/Soc-2.png 1279w, https:\/\/digital.foic-lecanda.com\/wp-content\/uploads\/2019\/04\/Soc-2-300x70.png 300w, https:\/\/digital.foic-lecanda.com\/wp-content\/uploads\/2019\/04\/Soc-2-768x180.png 768w, https:\/\/digital.foic-lecanda.com\/wp-content\/uploads\/2019\/04\/Soc-2-1024x240.png 1024w\" sizes=\"auto, (max-width: 1279px) 100vw, 1279px\" \/>   <\/div><\/div><\/div><\/div><div class=\"grve-column wpb_column grve-column-1-6\" ><div class=\"grve-column-wrapper\" ><\/div><\/div><div class=\"grve-column wpb_column grve-column-2-3 desc\" ><div class=\"grve-column-wrapper\" ><div class=\"grve-element grve-text grve-animated-item grve-fade-in-up-big grve-duration-normal\" data-delay=\"200\" id=\"submenut\">\r\n\t\t\t<p style=\"text-align: center;\">Capta la atenci\u00f3n de tus clientes potenciales a trav\u00e9s de materiales y contenido atractivo en redes sociales as\u00ed como servicios web colectivos como complemento a una estrategia de campa\u00f1a para tu marca o producto.<\/p>\n\r\n\t\t<\/div>\r\n\t<div class=\"grve-empty-space grve-height-2x\" style=\"\"><\/div><div class=\"grve-element grve-image grve-animated-item grve-duration-normal grve-fade-in-up grve-align-center\" style=\"\" data-delay=\"\">  <div class=\"grve-image-wrapper\"><a href=\"#proyectos\"><img loading=\"lazy\" decoding=\"async\" width=\"37\" height=\"34\" src=\"https:\/\/digital.foic-lecanda.com\/wp-content\/uploads\/2019\/01\/Flechas.png\" class=\"attachment-full size-full\" alt=\"\" \/><\/a>   <\/div><\/div><div class=\"grve-empty-space grve-height-1x\" style=\"\"><\/div><\/div><\/div><div class=\"grve-column wpb_column grve-column-1-6\" ><div class=\"grve-column-wrapper\" ><\/div><\/div><\/div><\/div><div class=\"grve-background-wrapper\">  <div class=\"grve-bg-image grve-bg-center-center grve-bg-image-id-1989\"   style=\"background-image: url(https:\/\/digital.foic-lecanda.com\/wp-content\/uploads\/2019\/04\/Soc-1.png);\"><\/div><\/div><\/div><div class=\"grve-section grve-row-section grve-fullwidth-background grve-padding-top-1x grve-padding-bottom-1x grve-bg-none animas\" id=\"proyectos\"><div class=\"grve-container\"><div class=\"grve-row grve-bookmark grve-columns-gap-none\"><div class=\"grve-column wpb_column grve-column-1-2\" ><div class=\"grve-column-wrapper\" ><div class=\"grve-element grve-text bottom-title\">\r\n\t\t\t<h3 style=\"text-align: center;\">MEDIA<\/h3>\n\r\n\t\t<\/div>\r\n\t<div class=\"grve-element grve-image img-top grve-align-center grve-full-image grve-image-space-125\" style=\"\">  <div class=\"grve-image-wrapper\"><img loading=\"lazy\" decoding=\"async\" width=\"519\" height=\"338\" src=\"https:\/\/digital.foic-lecanda.com\/wp-content\/uploads\/2018\/12\/Vive3-2-e1556228566143.png\" class=\"attachment-full size-full\" alt=\"\" srcset=\"https:\/\/digital.foic-lecanda.com\/wp-content\/uploads\/2018\/12\/Vive3-2-e1556228566143.png 519w, https:\/\/digital.foic-lecanda.com\/wp-content\/uploads\/2018\/12\/Vive3-2-e1556228566143-300x195.png 300w\" sizes=\"auto, (max-width: 519px) 100vw, 519px\" \/>   <\/div><\/div><\/div><\/div><div class=\"grve-column wpb_column grve-column-1-2\" ><div class=\"grve-column-wrapper\" ><div class=\"grve-element grve-image grve-align-center\" style=\"\">  <div class=\"grve-image-wrapper\"><img loading=\"lazy\" decoding=\"async\" width=\"700\" height=\"700\" src=\"https:\/\/digital.foic-lecanda.com\/wp-content\/uploads\/2019\/04\/MiAs-sm1.png\" class=\"attachment-full size-full\" alt=\"\" srcset=\"https:\/\/digital.foic-lecanda.com\/wp-content\/uploads\/2019\/04\/MiAs-sm1.png 700w, https:\/\/digital.foic-lecanda.com\/wp-content\/uploads\/2019\/04\/MiAs-sm1-150x150.png 150w, https:\/\/digital.foic-lecanda.com\/wp-content\/uploads\/2019\/04\/MiAs-sm1-300x300.png 300w, https:\/\/digital.foic-lecanda.com\/wp-content\/uploads\/2019\/04\/MiAs-sm1-560x560.png 560w\" sizes=\"auto, (max-width: 700px) 100vw, 700px\" \/>   <\/div><\/div><div class=\"grve-element grve-image grve-align-center\" style=\"\">  <div class=\"grve-image-wrapper\"><img loading=\"lazy\" decoding=\"async\" width=\"600\" height=\"600\" src=\"https:\/\/digital.foic-lecanda.com\/wp-content\/uploads\/2019\/04\/ViveSeguros.png\" class=\"attachment-full size-full\" alt=\"\" srcset=\"https:\/\/digital.foic-lecanda.com\/wp-content\/uploads\/2019\/04\/ViveSeguros.png 600w, https:\/\/digital.foic-lecanda.com\/wp-content\/uploads\/2019\/04\/ViveSeguros-150x150.png 150w, https:\/\/digital.foic-lecanda.com\/wp-content\/uploads\/2019\/04\/ViveSeguros-300x300.png 300w, https:\/\/digital.foic-lecanda.com\/wp-content\/uploads\/2019\/04\/ViveSeguros-560x560.png 560w\" sizes=\"auto, (max-width: 600px) 100vw, 600px\" \/>   <\/div><\/div><\/div><\/div><\/div><\/div><div class=\"grve-background-wrapper\">  <div class=\"grve-bg-image grve-bg-center-center grve-bg-image-id-1991\"   style=\"background-image: url(https:\/\/digital.foic-lecanda.com\/wp-content\/uploads\/2019\/04\/Soc-3.png);\"><\/div><\/div><\/div>","protected":false},"excerpt":{"rendered":"<p>SOCIAL MEDIA GESTI\u00d3N \u00b7 CONTENIDO \u00a1DIFUNDE TU MARCA! Capta la atenci\u00f3n de tus clientes potenciales a trav\u00e9s de materiales y contenido atractivo en redes sociales as\u00ed como servicios web colectivos como complemento a una estrategia de campa\u00f1a para tu marca o producto. REDES<\/p>","protected":false},"author":1,"featured_media":0,"parent":0,"menu_order":0,"comment_status":"closed","ping_status":"closed","template":"","meta":{"footnotes":""},"class_list":["post-2017","page","type-page","status-publish","hentry"],"_links":{"self":[{"href":"https:\/\/digital.foic-lecanda.com\/en\/wp-json\/wp\/v2\/pages\/2017","targetHints":{"allow":["GET"]}}],"collection":[{"href":"https:\/\/digital.foic-lecanda.com\/en\/wp-json\/wp\/v2\/pages"}],"about":[{"href":"https:\/\/digital.foic-lecanda.com\/en\/wp-json\/wp\/v2\/types\/page"}],"author":[{"embeddable":true,"href":"https:\/\/digital.foic-lecanda.com\/en\/wp-json\/wp\/v2\/users\/1"}],"replies":[{"embeddable":true,"href":"https:\/\/digital.foic-lecanda.com\/en\/wp-json\/wp\/v2\/comments?post=2017"}],"version-history":[{"count":8,"href":"https:\/\/digital.foic-lecanda.com\/en\/wp-json\/wp\/v2\/pages\/2017\/revisions"}],"predecessor-version":[{"id":2046,"href":"https:\/\/digital.foic-lecanda.com\/en\/wp-json\/wp\/v2\/pages\/2017\/revisions\/2046"}],"wp:attachment":[{"href":"https:\/\/digital.foic-lecanda.com\/en\/wp-json\/wp\/v2\/media?parent=2017"}],"curies":[{"name":"wp","href":"https:\/\/api.w.org\/{rel}","templated":true}]}}