{"id":1898,"date":"2019-04-24T23:08:28","date_gmt":"2019-04-24T23:08:28","guid":{"rendered":"http:\/\/digital.foic-lecanda.com\/?page_id=1898"},"modified":"2019-05-28T19:32:40","modified_gmt":"2019-05-28T19:32:40","slug":"3d","status":"publish","type":"page","link":"https:\/\/digital.foic-lecanda.com\/es\/3d\/","title":{"rendered":"3D"},"content":{"rendered":"<div class=\"grve-section grve-row-section grve-fullwidth-background grve-padding-top-4x grve-bg-none animas\"><div class=\"grve-container\"><div class=\"grve-row grve-bookmark grve-columns-gap-30\"><div class=\"grve-column wpb_column grve-column-1-2\"  style=\"z-index:5\" ><div class=\"grve-column-wrapper\" ><div class=\"grve-element grve-text title grve-animated-item grve-fade-in-left-big grve-duration-normal\" data-delay=\"200\" id=\"submenut\">\r\n\t\t\t<h1 style=\"text-align: right;\"><strong>3D<\/strong><\/h1>\n<hr \/>\n<p style=\"text-align: right;\">PRODUCTOS \u00b7 EMPAQUES \u00b7 PERSONAJES<\/p>\n<h3 style=\"text-align: right;\"><span style=\"color: #afeaf7;\">\u00a1HAZ QUE TU MARCA BRILLE!<\/span><\/h3>\n\r\n\t\t<\/div>\r\n\t<\/div><\/div><div class=\"grve-column wpb_column grve-column-1-2 icon-gif\" ><div class=\"grve-column-wrapper grve-flex grve-flex-position-middle\" ><div class=\"grve-column-content\"><div class=\"grve-element grve-image grve-animated-item grve-duration-normal grve-fade-in-right-big grve-align-center grve-full-image grve-image-space-125\" style=\"\" data-delay=\"200\">  <div class=\"grve-image-wrapper\"><img loading=\"lazy\" decoding=\"async\" width=\"800\" height=\"533\" src=\"https:\/\/digital.foic-lecanda.com\/wp-content\/uploads\/2019\/04\/3D2.gif\" class=\"attachment-full size-full\" alt=\"\" \/>   <\/div><\/div><\/div><\/div><\/div><div class=\"grve-column wpb_column grve-column-1 grve-mobile-column-hide\" ><div class=\"grve-column-wrapper\" ><div class=\"grve-empty-space grve-height-3x\" style=\"\"><\/div><\/div><\/div><div class=\"grve-column wpb_column grve-column-1 curves grve-align-center\" ><div class=\"grve-column-wrapper vc_custom_1555514903400\" ><div class=\"grve-element grve-image grve-align-center grve-full-image grve-image-space-175\" style=\"\">  <div class=\"grve-image-wrapper\"><img loading=\"lazy\" decoding=\"async\" width=\"1279\" height=\"300\" src=\"https:\/\/digital.foic-lecanda.com\/wp-content\/uploads\/2019\/04\/3D-2.png\" class=\"attachment-full size-full\" alt=\"\" srcset=\"https:\/\/digital.foic-lecanda.com\/wp-content\/uploads\/2019\/04\/3D-2.png 1279w, https:\/\/digital.foic-lecanda.com\/wp-content\/uploads\/2019\/04\/3D-2-300x70.png 300w, https:\/\/digital.foic-lecanda.com\/wp-content\/uploads\/2019\/04\/3D-2-768x180.png 768w, https:\/\/digital.foic-lecanda.com\/wp-content\/uploads\/2019\/04\/3D-2-1024x240.png 1024w\" sizes=\"auto, (max-width: 1279px) 100vw, 1279px\" \/>   <\/div><\/div><\/div><\/div><div class=\"grve-column wpb_column grve-column-1-6\" ><div class=\"grve-column-wrapper\" ><\/div><\/div><div class=\"grve-column wpb_column grve-column-2-3 desc\" ><div class=\"grve-column-wrapper\" ><div class=\"grve-element grve-text grve-animated-item grve-fade-in-up-big grve-duration-normal\" data-delay=\"200\" id=\"submenut\">\r\n\t\t\t<p style=\"text-align: center;\">Dise\u00f1o y modelado 3D para la promoci\u00f3n de productos, empaques de calidad o personajes. Representa en un entorno virtual las caracter\u00edsticas del producto para facilitar su visualizaci\u00f3n y su futura comercializaci\u00f3n.<\/p>\n\r\n\t\t<\/div>\r\n\t<div class=\"grve-empty-space grve-height-2x\" style=\"\"><\/div><div class=\"grve-element grve-image grve-animated-item grve-duration-normal grve-fade-in-up grve-align-center\" style=\"\" data-delay=\"\">  <div class=\"grve-image-wrapper\"><a href=\"#proyectos\"><img loading=\"lazy\" decoding=\"async\" width=\"37\" height=\"34\" src=\"https:\/\/digital.foic-lecanda.com\/wp-content\/uploads\/2019\/01\/Flechas.png\" class=\"attachment-full size-full\" alt=\"\" \/><\/a>   <\/div><\/div><div class=\"grve-empty-space grve-height-1x\" style=\"\"><\/div><\/div><\/div><div class=\"grve-column wpb_column grve-column-1-6\" ><div class=\"grve-column-wrapper\" ><\/div><\/div><\/div><\/div><div class=\"grve-background-wrapper\">  <div class=\"grve-bg-image grve-bg-center-center grve-bg-image-id-1904\"   style=\"background-image: url(https:\/\/digital.foic-lecanda.com\/wp-content\/uploads\/2019\/04\/3D-1-1-e1556203038834.png);\"><\/div><\/div><\/div><div class=\"grve-section grve-row-section grve-fullwidth-background grve-padding-top-1x grve-padding-bottom-1x grve-bg-none animas\" id=\"proyectos\"><div class=\"grve-container\"><div class=\"grve-row grve-bookmark grve-columns-gap-none\"><div class=\"grve-column wpb_column grve-column-1-2\" ><div class=\"grve-column-wrapper\" ><div class=\"grve-element grve-text bottom-title\">\r\n\t\t\t<h3 style=\"text-align: center;\">DISE\u00d1O \u00b7 MODELADO<\/h3>\n\r\n\t\t<\/div>\r\n\t<div class=\"grve-element grve-image grve-align-center\" style=\"\">  <div class=\"grve-image-wrapper\"><img loading=\"lazy\" decoding=\"async\" width=\"600\" height=\"600\" src=\"https:\/\/digital.foic-lecanda.com\/wp-content\/uploads\/2019\/04\/MRBrown-e1556641013224.jpg\" class=\"attachment-full size-full\" alt=\"\" \/>   <\/div><\/div><\/div><\/div><div class=\"grve-column wpb_column grve-column-1-2\" ><div class=\"grve-column-wrapper\" ><div class=\"grve-element grve-image grve-align-center\" style=\"\">  <div class=\"grve-image-wrapper\"><a href=\"https:\/\/sketchfab.com\/3d-models\/prime2-ac0a4b1d1bf64dffb6f88a8b9df5bc3c\"><img loading=\"lazy\" decoding=\"async\" width=\"1024\" height=\"1024\" src=\"https:\/\/digital.foic-lecanda.com\/wp-content\/uploads\/2019\/04\/Optimus-Pose-1.jpg\" class=\"attachment-full size-full\" alt=\"\" srcset=\"https:\/\/digital.foic-lecanda.com\/wp-content\/uploads\/2019\/04\/Optimus-Pose-1.jpg 1024w, https:\/\/digital.foic-lecanda.com\/wp-content\/uploads\/2019\/04\/Optimus-Pose-1-150x150.jpg 150w, https:\/\/digital.foic-lecanda.com\/wp-content\/uploads\/2019\/04\/Optimus-Pose-1-300x300.jpg 300w, https:\/\/digital.foic-lecanda.com\/wp-content\/uploads\/2019\/04\/Optimus-Pose-1-768x768.jpg 768w, https:\/\/digital.foic-lecanda.com\/wp-content\/uploads\/2019\/04\/Optimus-Pose-1-560x560.jpg 560w, https:\/\/digital.foic-lecanda.com\/wp-content\/uploads\/2019\/04\/Optimus-Pose-1-900x900.jpg 900w\" sizes=\"auto, (max-width: 1024px) 100vw, 1024px\" \/><\/a>   <\/div><\/div><div class=\"grve-element grve-image grve-align-center\" style=\"\">  <div class=\"grve-image-wrapper\"><a href=\"https:\/\/sketchfab.com\/3d-models\/planta-3-729b5e38c56b4688965b95eada29f6e7\"><img loading=\"lazy\" decoding=\"async\" width=\"1024\" height=\"1024\" src=\"https:\/\/digital.foic-lecanda.com\/wp-content\/uploads\/2019\/04\/Vista01.jpg\" class=\"attachment-full size-full\" alt=\"\" srcset=\"https:\/\/digital.foic-lecanda.com\/wp-content\/uploads\/2019\/04\/Vista01.jpg 1024w, https:\/\/digital.foic-lecanda.com\/wp-content\/uploads\/2019\/04\/Vista01-150x150.jpg 150w, https:\/\/digital.foic-lecanda.com\/wp-content\/uploads\/2019\/04\/Vista01-300x300.jpg 300w, https:\/\/digital.foic-lecanda.com\/wp-content\/uploads\/2019\/04\/Vista01-768x768.jpg 768w, https:\/\/digital.foic-lecanda.com\/wp-content\/uploads\/2019\/04\/Vista01-560x560.jpg 560w, https:\/\/digital.foic-lecanda.com\/wp-content\/uploads\/2019\/04\/Vista01-900x900.jpg 900w\" sizes=\"auto, (max-width: 1024px) 100vw, 1024px\" \/><\/a>   <\/div><\/div><\/div><\/div><\/div><\/div><div class=\"grve-background-wrapper\">  <div class=\"grve-bg-image grve-bg-center-center grve-bg-image-id-1903\"   style=\"background-image: url(https:\/\/digital.foic-lecanda.com\/wp-content\/uploads\/2019\/04\/3D-3-e1556203029265.png);\"><\/div><\/div><\/div>\n","protected":false},"excerpt":{"rendered":"<p>3D PRODUCTOS \u00b7 EMPAQUES \u00b7 PERSONAJES \u00a1HAZ QUE TU MARCA BRILLE! Dise\u00f1o y modelado 3D para la promoci\u00f3n de productos, empaques de calidad o personajes. Representa en un entorno virtual las caracter\u00edsticas del producto para facilitar su visualizaci\u00f3n y su futura comercializaci\u00f3n. DISE\u00d1O \u00b7 MODELADO<\/p>\n","protected":false},"author":1,"featured_media":0,"parent":0,"menu_order":0,"comment_status":"closed","ping_status":"closed","template":"","meta":{"footnotes":""},"class_list":["post-1898","page","type-page","status-publish","hentry"],"_links":{"self":[{"href":"https:\/\/digital.foic-lecanda.com\/es\/wp-json\/wp\/v2\/pages\/1898","targetHints":{"allow":["GET"]}}],"collection":[{"href":"https:\/\/digital.foic-lecanda.com\/es\/wp-json\/wp\/v2\/pages"}],"about":[{"href":"https:\/\/digital.foic-lecanda.com\/es\/wp-json\/wp\/v2\/types\/page"}],"author":[{"embeddable":true,"href":"https:\/\/digital.foic-lecanda.com\/es\/wp-json\/wp\/v2\/users\/1"}],"replies":[{"embeddable":true,"href":"https:\/\/digital.foic-lecanda.com\/es\/wp-json\/wp\/v2\/comments?post=1898"}],"version-history":[{"count":15,"href":"https:\/\/digital.foic-lecanda.com\/es\/wp-json\/wp\/v2\/pages\/1898\/revisions"}],"predecessor-version":[{"id":2126,"href":"https:\/\/digital.foic-lecanda.com\/es\/wp-json\/wp\/v2\/pages\/1898\/revisions\/2126"}],"wp:attachment":[{"href":"https:\/\/digital.foic-lecanda.com\/es\/wp-json\/wp\/v2\/media?parent=1898"}],"curies":[{"name":"wp","href":"https:\/\/api.w.org\/{rel}","templated":true}]}}